{"id":483,"date":"2022-07-19T18:41:23","date_gmt":"2022-07-19T16:41:23","guid":{"rendered":"http:\/\/test.perno.pl\/?page_id=483"},"modified":"2023-09-20T14:28:43","modified_gmt":"2023-09-20T12:28:43","slug":"perno-bus","status":"publish","type":"page","link":"http:\/\/bus.perno.pl\/?page_id=483","title":{"rendered":"Perno Bus"},"content":{"rendered":"\n<p>PERNO BUS \u2013 wynajem samochod\u00f3w 8 i 9-cio osobowych<\/p>\n\n\n\n<ul class=\"wp-block-list\">\n<li>w ofercie samochody z rocznika 2022 i 2023<\/li>\n\n\n\n<li>wynajem kr\u00f3tko i \u015brednio terminowy<\/li>\n\n\n\n<li>profesjonalne podej\u015bcie do klienta<\/li>\n\n\n\n<li>brak ukrytych koszt\u00f3w<\/li>\n\n\n\n<li>rabaty dla sta\u0142ych klient\u00f3w<\/li>\n\n\n\n<li>dogodna lokalizacja (przy zje\u017adzie z obwodnicy tr\u00f3jmiasta w Gdyni Chyloni)<\/li>\n<\/ul>\n\n\n\n<figure class=\"wp-block-image size-large\"><img loading=\"lazy\" decoding=\"async\" width=\"1024\" height=\"683\" src=\"http:\/\/test.perno.pl\/wp-content\/uploads\/2022\/07\/wygodny_bus_01-1024x683.jpg\" alt=\"\" class=\"wp-image-303\" srcset=\"http:\/\/bus.perno.pl\/wp-content\/uploads\/2022\/07\/wygodny_bus_01-1024x683.jpg 1024w, http:\/\/bus.perno.pl\/wp-content\/uploads\/2022\/07\/wygodny_bus_01-300x200.jpg 300w, http:\/\/bus.perno.pl\/wp-content\/uploads\/2022\/07\/wygodny_bus_01-768x512.jpg 768w, http:\/\/bus.perno.pl\/wp-content\/uploads\/2022\/07\/wygodny_bus_01.jpg 1200w\" sizes=\"auto, (max-width: 767px) 89vw, (max-width: 1000px) 54vw, (max-width: 1071px) 543px, 580px\" \/><\/figure>\n\n\n\n<p>Wynajem \u015brednio terminowy idealny na rodzinne wakacje.<br><\/p>\n\n\n\n<figure class=\"wp-block-image size-large\"><img loading=\"lazy\" decoding=\"async\" width=\"1024\" height=\"683\" src=\"http:\/\/test.perno.pl\/wp-content\/uploads\/2022\/07\/wygodny_bus_03-1024x683.jpg\" alt=\"\" class=\"wp-image-305\" srcset=\"http:\/\/bus.perno.pl\/wp-content\/uploads\/2022\/07\/wygodny_bus_03-1024x683.jpg 1024w, http:\/\/bus.perno.pl\/wp-content\/uploads\/2022\/07\/wygodny_bus_03-300x200.jpg 300w, http:\/\/bus.perno.pl\/wp-content\/uploads\/2022\/07\/wygodny_bus_03-768x512.jpg 768w, http:\/\/bus.perno.pl\/wp-content\/uploads\/2022\/07\/wygodny_bus_03.jpg 1200w\" sizes=\"auto, (max-width: 767px) 89vw, (max-width: 1000px) 54vw, (max-width: 1071px) 543px, 580px\" \/><\/figure>\n\n\n\n<p>Doskona\u0142e rozwi\u0105zanie dla grupy znajomych.<br><\/p>\n\n\n\n<figure class=\"wp-block-image size-large\"><img loading=\"lazy\" decoding=\"async\" width=\"1024\" height=\"682\" src=\"http:\/\/test.perno.pl\/wp-content\/uploads\/2022\/07\/wygodny_bus_02-1024x682.jpg\" alt=\"\" class=\"wp-image-304\" srcset=\"http:\/\/bus.perno.pl\/wp-content\/uploads\/2022\/07\/wygodny_bus_02-1024x682.jpg 1024w, http:\/\/bus.perno.pl\/wp-content\/uploads\/2022\/07\/wygodny_bus_02-300x200.jpg 300w, http:\/\/bus.perno.pl\/wp-content\/uploads\/2022\/07\/wygodny_bus_02-768x511.jpg 768w, http:\/\/bus.perno.pl\/wp-content\/uploads\/2022\/07\/wygodny_bus_02.jpg 1200w\" sizes=\"auto, (max-width: 767px) 89vw, (max-width: 1000px) 54vw, (max-width: 1071px) 543px, 580px\" \/><\/figure>\n\n\n\n<p>Wynajem kr\u00f3tko terminowy na weekendowe wypady za miasto.<br><\/p>\n\n\n\n<figure class=\"wp-block-image size-large\"><img loading=\"lazy\" decoding=\"async\" width=\"1024\" height=\"683\" src=\"http:\/\/test.perno.pl\/wp-content\/uploads\/2022\/07\/wygodny_bus_04-1024x683.jpg\" alt=\"\" class=\"wp-image-542\" srcset=\"http:\/\/bus.perno.pl\/wp-content\/uploads\/2022\/07\/wygodny_bus_04-1024x683.jpg 1024w, http:\/\/bus.perno.pl\/wp-content\/uploads\/2022\/07\/wygodny_bus_04-300x200.jpg 300w, http:\/\/bus.perno.pl\/wp-content\/uploads\/2022\/07\/wygodny_bus_04-768x512.jpg 768w, http:\/\/bus.perno.pl\/wp-content\/uploads\/2022\/07\/wygodny_bus_04.jpg 1200w\" sizes=\"auto, (max-width: 767px) 89vw, (max-width: 1000px) 54vw, (max-width: 1071px) 543px, 580px\" \/><\/figure>\n\n\n\n<p>Wymarzone&nbsp;auto&nbsp;dla&nbsp;muzyka, a nawet ma\u0142ego&nbsp;zespo\u0142u.<\/p>\n\n\n\n<div class=\"wp-block-buttons is-layout-flex wp-block-buttons-is-layout-flex\">\n<div class=\"wp-block-button\"><a class=\"wp-block-button__link wp-element-button\" href=\"\/\" style=\"border-radius:0px\">wstecz &gt;<\/a><\/div>\n<\/div>\n","protected":false},"excerpt":{"rendered":"<p>PERNO BUS \u2013 wynajem samochod\u00f3w 8 i 9-cio osobowych Wynajem \u015brednio terminowy idealny na rodzinne wakacje. Doskona\u0142e rozwi\u0105zanie dla grupy znajomych. Wynajem kr\u00f3tko terminowy na weekendowe wypady za miasto. Wymarzone&nbsp;auto&nbsp;dla&nbsp;muzyka, a nawet ma\u0142ego&nbsp;zespo\u0142u.<\/p>\n","protected":false},"author":1,"featured_media":626,"parent":0,"menu_order":0,"comment_status":"closed","ping_status":"closed","template":"","meta":{"footnotes":""},"class_list":["post-483","page","type-page","status-publish","has-post-thumbnail","hentry"],"yoast_head":"<!-- This site is optimized with the Yoast SEO plugin v21.1 - https:\/\/yoast.com\/wordpress\/plugins\/seo\/ -->\n<title>Perno Bus - Wynajem Bus\u00f3w Osobowych | Perno Bus<\/title>\n<meta name=\"robots\" content=\"index, follow, max-snippet:-1, max-image-preview:large, max-video-preview:-1\" \/>\n<link rel=\"canonical\" href=\"http:\/\/bus.perno.pl\/?page_id=483\" \/>\n<meta property=\"og:locale\" content=\"pl_PL\" \/>\n<meta property=\"og:type\" content=\"article\" \/>\n<meta property=\"og:title\" content=\"Perno Bus - Wynajem Bus\u00f3w Osobowych | Perno Bus\" \/>\n<meta property=\"og:description\" content=\"PERNO BUS \u2013 wynajem samochod\u00f3w 8 i 9-cio osobowych Wynajem \u015brednio terminowy idealny na rodzinne wakacje. Doskona\u0142e rozwi\u0105zanie dla grupy znajomych. Wynajem kr\u00f3tko terminowy na weekendowe wypady za miasto. Wymarzone&nbsp;auto&nbsp;dla&nbsp;muzyka, a nawet ma\u0142ego&nbsp;zespo\u0142u.\" \/>\n<meta property=\"og:url\" content=\"http:\/\/bus.perno.pl\/?page_id=483\" \/>\n<meta property=\"og:site_name\" content=\"Wynajem Bus\u00f3w Osobowych | Perno Bus\" \/>\n<meta property=\"article:modified_time\" content=\"2023-09-20T12:28:43+00:00\" \/>\n<meta property=\"og:image\" content=\"http:\/\/bus.perno.pl\/wp-content\/uploads\/2022\/07\/pasek2-1.jpg\" \/>\n\t<meta property=\"og:image:width\" content=\"1920\" \/>\n\t<meta property=\"og:image:height\" content=\"200\" \/>\n\t<meta property=\"og:image:type\" content=\"image\/jpeg\" \/>\n<meta name=\"twitter:card\" content=\"summary_large_image\" \/>\n<meta name=\"twitter:label1\" content=\"Szacowany czas czytania\" \/>\n\t<meta name=\"twitter:data1\" content=\"2 minuty\" \/>\n<script type=\"application\/ld+json\" class=\"yoast-schema-graph\">{\"@context\":\"https:\/\/schema.org\",\"@graph\":[{\"@type\":\"WebPage\",\"@id\":\"http:\/\/bus.perno.pl\/?page_id=483\",\"url\":\"http:\/\/bus.perno.pl\/?page_id=483\",\"name\":\"Perno Bus - Wynajem Bus\u00f3w Osobowych | Perno Bus\",\"isPartOf\":{\"@id\":\"http:\/\/bus.perno.pl\/#website\"},\"datePublished\":\"2022-07-19T16:41:23+00:00\",\"dateModified\":\"2023-09-20T12:28:43+00:00\",\"breadcrumb\":{\"@id\":\"http:\/\/bus.perno.pl\/?page_id=483#breadcrumb\"},\"inLanguage\":\"pl-PL\",\"potentialAction\":[{\"@type\":\"ReadAction\",\"target\":[\"http:\/\/bus.perno.pl\/?page_id=483\"]}]},{\"@type\":\"BreadcrumbList\",\"@id\":\"http:\/\/bus.perno.pl\/?page_id=483#breadcrumb\",\"itemListElement\":[{\"@type\":\"ListItem\",\"position\":1,\"name\":\"Home\",\"item\":\"http:\/\/bus.perno.pl\/\"},{\"@type\":\"ListItem\",\"position\":2,\"name\":\"Perno Bus\"}]},{\"@type\":\"WebSite\",\"@id\":\"http:\/\/bus.perno.pl\/#website\",\"url\":\"http:\/\/bus.perno.pl\/\",\"name\":\"Wynajem Bus\u00f3w Osobowych | Perno Bus\",\"description\":\"Wypo\u017cyczalnia bus\u00f3w 9-osobowych\",\"publisher\":{\"@id\":\"http:\/\/bus.perno.pl\/#organization\"},\"potentialAction\":[{\"@type\":\"SearchAction\",\"target\":{\"@type\":\"EntryPoint\",\"urlTemplate\":\"http:\/\/bus.perno.pl\/?s={search_term_string}\"},\"query-input\":\"required name=search_term_string\"}],\"inLanguage\":\"pl-PL\"},{\"@type\":\"Organization\",\"@id\":\"http:\/\/bus.perno.pl\/#organization\",\"name\":\"Wynajem Bus\u00f3w Osobowych | Perno Bus\",\"url\":\"http:\/\/bus.perno.pl\/\",\"logo\":{\"@type\":\"ImageObject\",\"inLanguage\":\"pl-PL\",\"@id\":\"http:\/\/bus.perno.pl\/#\/schema\/logo\/image\/\",\"url\":\"http:\/\/bus.perno.pl\/wp-content\/uploads\/2022\/06\/cropped-busy_logo.png\",\"contentUrl\":\"http:\/\/bus.perno.pl\/wp-content\/uploads\/2022\/06\/cropped-busy_logo.png\",\"width\":1327,\"height\":250,\"caption\":\"Wynajem Bus\u00f3w Osobowych | Perno Bus\"},\"image\":{\"@id\":\"http:\/\/bus.perno.pl\/#\/schema\/logo\/image\/\"}}]}<\/script>\n<!-- \/ Yoast SEO plugin. -->","yoast_head_json":{"title":"Perno Bus - Wynajem Bus\u00f3w Osobowych | Perno Bus","robots":{"index":"index","follow":"follow","max-snippet":"max-snippet:-1","max-image-preview":"max-image-preview:large","max-video-preview":"max-video-preview:-1"},"canonical":"http:\/\/bus.perno.pl\/?page_id=483","og_locale":"pl_PL","og_type":"article","og_title":"Perno Bus - Wynajem Bus\u00f3w Osobowych | Perno Bus","og_description":"PERNO BUS \u2013 wynajem samochod\u00f3w 8 i 9-cio osobowych Wynajem \u015brednio terminowy idealny na rodzinne wakacje. Doskona\u0142e rozwi\u0105zanie dla grupy znajomych. Wynajem kr\u00f3tko terminowy na weekendowe wypady za miasto. Wymarzone&nbsp;auto&nbsp;dla&nbsp;muzyka, a nawet ma\u0142ego&nbsp;zespo\u0142u.","og_url":"http:\/\/bus.perno.pl\/?page_id=483","og_site_name":"Wynajem Bus\u00f3w Osobowych | Perno Bus","article_modified_time":"2023-09-20T12:28:43+00:00","og_image":[{"width":1920,"height":200,"url":"http:\/\/bus.perno.pl\/wp-content\/uploads\/2022\/07\/pasek2-1.jpg","type":"image\/jpeg"}],"twitter_card":"summary_large_image","twitter_misc":{"Szacowany czas czytania":"2 minuty"},"schema":{"@context":"https:\/\/schema.org","@graph":[{"@type":"WebPage","@id":"http:\/\/bus.perno.pl\/?page_id=483","url":"http:\/\/bus.perno.pl\/?page_id=483","name":"Perno Bus - Wynajem Bus\u00f3w Osobowych | Perno Bus","isPartOf":{"@id":"http:\/\/bus.perno.pl\/#website"},"datePublished":"2022-07-19T16:41:23+00:00","dateModified":"2023-09-20T12:28:43+00:00","breadcrumb":{"@id":"http:\/\/bus.perno.pl\/?page_id=483#breadcrumb"},"inLanguage":"pl-PL","potentialAction":[{"@type":"ReadAction","target":["http:\/\/bus.perno.pl\/?page_id=483"]}]},{"@type":"BreadcrumbList","@id":"http:\/\/bus.perno.pl\/?page_id=483#breadcrumb","itemListElement":[{"@type":"ListItem","position":1,"name":"Home","item":"http:\/\/bus.perno.pl\/"},{"@type":"ListItem","position":2,"name":"Perno Bus"}]},{"@type":"WebSite","@id":"http:\/\/bus.perno.pl\/#website","url":"http:\/\/bus.perno.pl\/","name":"Wynajem Bus\u00f3w Osobowych | Perno Bus","description":"Wypo\u017cyczalnia bus\u00f3w 9-osobowych","publisher":{"@id":"http:\/\/bus.perno.pl\/#organization"},"potentialAction":[{"@type":"SearchAction","target":{"@type":"EntryPoint","urlTemplate":"http:\/\/bus.perno.pl\/?s={search_term_string}"},"query-input":"required name=search_term_string"}],"inLanguage":"pl-PL"},{"@type":"Organization","@id":"http:\/\/bus.perno.pl\/#organization","name":"Wynajem Bus\u00f3w Osobowych | Perno Bus","url":"http:\/\/bus.perno.pl\/","logo":{"@type":"ImageObject","inLanguage":"pl-PL","@id":"http:\/\/bus.perno.pl\/#\/schema\/logo\/image\/","url":"http:\/\/bus.perno.pl\/wp-content\/uploads\/2022\/06\/cropped-busy_logo.png","contentUrl":"http:\/\/bus.perno.pl\/wp-content\/uploads\/2022\/06\/cropped-busy_logo.png","width":1327,"height":250,"caption":"Wynajem Bus\u00f3w Osobowych | Perno Bus"},"image":{"@id":"http:\/\/bus.perno.pl\/#\/schema\/logo\/image\/"}}]}},"_links":{"self":[{"href":"http:\/\/bus.perno.pl\/index.php?rest_route=\/wp\/v2\/pages\/483","targetHints":{"allow":["GET"]}}],"collection":[{"href":"http:\/\/bus.perno.pl\/index.php?rest_route=\/wp\/v2\/pages"}],"about":[{"href":"http:\/\/bus.perno.pl\/index.php?rest_route=\/wp\/v2\/types\/page"}],"author":[{"embeddable":true,"href":"http:\/\/bus.perno.pl\/index.php?rest_route=\/wp\/v2\/users\/1"}],"replies":[{"embeddable":true,"href":"http:\/\/bus.perno.pl\/index.php?rest_route=%2Fwp%2Fv2%2Fcomments&post=483"}],"version-history":[{"count":8,"href":"http:\/\/bus.perno.pl\/index.php?rest_route=\/wp\/v2\/pages\/483\/revisions"}],"predecessor-version":[{"id":671,"href":"http:\/\/bus.perno.pl\/index.php?rest_route=\/wp\/v2\/pages\/483\/revisions\/671"}],"wp:featuredmedia":[{"embeddable":true,"href":"http:\/\/bus.perno.pl\/index.php?rest_route=\/wp\/v2\/media\/626"}],"wp:attachment":[{"href":"http:\/\/bus.perno.pl\/index.php?rest_route=%2Fwp%2Fv2%2Fmedia&parent=483"}],"curies":[{"name":"wp","href":"https:\/\/api.w.org\/{rel}","templated":true}]}}